{"id":952,"date":"2025-03-18T17:08:11","date_gmt":"2025-03-18T16:08:11","guid":{"rendered":"https:\/\/mistercostumes.be\/ons-concept\/"},"modified":"2025-09-19T11:31:48","modified_gmt":"2025-09-19T09:31:48","slug":"ons-concept","status":"publish","type":"page","link":"https:\/\/mistercostumes.be\/nl\/ons-concept\/","title":{"rendered":"Ons concept"},"content":{"rendered":"\n<div class=\"wp-block-media-text is-stacked-on-mobile is-vertically-aligned-top\" style=\"margin-top:0;grid-template-columns:45% auto\"><figure class=\"wp-block-media-text__media\"><img loading=\"lazy\" decoding=\"async\" width=\"521\" height=\"439\" src=\"https:\/\/mistercostumes.be\/wp-content\/uploads\/2025\/03\/image-22.png\" alt=\"\" class=\"wp-image-606 size-full\" srcset=\"https:\/\/mistercostumes.be\/wp-content\/uploads\/2025\/03\/image-22.png 521w, https:\/\/mistercostumes.be\/wp-content\/uploads\/2025\/03\/image-22-300x253.png 300w\" sizes=\"auto, (max-width: 521px) 100vw, 521px\" \/><\/figure><div class=\"wp-block-media-text__content\">\n<p>Persoonlijke afspraak en een adviseur tot uw dienst! Een &#8220;mooi kostuum&#8221; is een outfit die moet passen bij uw persoonlijkheid, uw &#8220;kleuren&#8221; (ogen, teint, haar, baard&#8230;), uw lichaamsvorm. Het wordt niet gekozen zoals een simpel T-shirt; het moet gepast, vergeleken en aangepast worden! Om dit te bereiken is er maar \u00e9\u00e9n oplossing: een persoonlijke afspraak om alle benodigde pasbeurten &#8220;zonder druk&#8221; te laten verlopen. Bij Mister Costumes bent u aan het juiste adres!    <\/p>\n\n\n\n<p>Gemakkelijk bereikbaar \u2013 Parking \u2013 Afspraken op maat \u2013 een adviseur\/specialist tot uw dienst!<\/p>\n\n\n\n<p>Wat zijn de voordelen van een bezoek aan <strong>MISTER COSTUMES<\/strong> ?<\/p>\n\n\n\n<ul class=\"wp-block-list\">\n<li>U wordt op afspraak ontvangen in een priv\u00e9showroom, wanneer het u uitkomt en zonder aankoopverplichting!<\/li>\n\n\n\n<li>U vindt ons gemakkelijk en er is parkeergelegenheid voor de deur.<\/li>\n\n\n\n<li>U krijgt advies van onze kledingexpert om u te helpen bij het kiezen van het juiste kostuum dat past bij uw persoonlijkheid en doelen.<\/li>\n\n\n\n<li>Alle aanpassingen kunnen door ons worden uitgevoerd.<\/li>\n<\/ul>\n\n\n\n<p>Bij <strong>MISTER COSTUMES<\/strong>, is elegantie geen luxe meer!<\/p>\n\n\n\n<div class=\"wp-block-buttons is-layout-flex wp-block-buttons-is-layout-flex\">\n<div class=\"wp-block-button-wrapper\"><div class=\"wp-block-button\"><a class=\"wp-block-button__link wp-element-button\" href=\"https:\/\/mistercostumes.be\/nl\/maak-een-afspraak-met-mister-costumes\/\">Maak een afspraak<\/a><\/div><\/div>\n<\/div>\n<\/div><\/div>\n\n<div class=\"wp-block-group mr-cost_how-it-works is-layout-constrained wp-block-group-is-layout-constrained\">\n<h2 class=\"wp-block-heading\">Hoe werkt het ?<\/h2>\n\n\n\n<div class=\"wp-block-columns is-layout-flex wp-container-core-columns-is-layout-133cf375 wp-block-columns-is-layout-flex\">\n<div class=\"wp-block-column is-layout-flow wp-block-column-is-layout-flow\" style=\"flex-basis:25%\">\n<figure class=\"wp-block-image size-full is-resized is-style-full-width\" data-focalx=\"0.5\" data-focaly=\"0.4\"><img loading=\"lazy\" decoding=\"async\" width=\"1600\" height=\"879\" src=\"https:\/\/mistercostumes.be\/wp-content\/uploads\/2025\/06\/mister-costumes-comment-ca-marche-rendez-vous.jpeg\" alt=\"\" class=\"wp-image-803\" style=\"aspect-ratio:16\/9;object-fit:cover;width:auto;height:150px\" srcset=\"https:\/\/mistercostumes.be\/wp-content\/uploads\/2025\/06\/mister-costumes-comment-ca-marche-rendez-vous.jpeg 1600w, https:\/\/mistercostumes.be\/wp-content\/uploads\/2025\/06\/mister-costumes-comment-ca-marche-rendez-vous-300x165.jpeg 300w, https:\/\/mistercostumes.be\/wp-content\/uploads\/2025\/06\/mister-costumes-comment-ca-marche-rendez-vous-1024x563.jpeg 1024w, https:\/\/mistercostumes.be\/wp-content\/uploads\/2025\/06\/mister-costumes-comment-ca-marche-rendez-vous-768x422.jpeg 768w, https:\/\/mistercostumes.be\/wp-content\/uploads\/2025\/06\/mister-costumes-comment-ca-marche-rendez-vous-1536x844.jpeg 1536w\" sizes=\"auto, (max-width: 1600px) 100vw, 1600px\" \/><\/figure>\n\n\n\n<h3 class=\"wp-block-heading\">1. Afspraak <\/h3>\n\n\n\n<p>Maak eenvoudig een persoonlijke afspraak bij Mister Costumes, het is vrijblijvend maar wel noodzakelijk.<\/p>\n<\/div>\n\n\n\n<div class=\"wp-block-column is-layout-flow wp-block-column-is-layout-flow\" style=\"flex-basis:25%\">\n<figure class=\"wp-block-image size-full is-resized is-style-full-width\" data-focalx=\"0.5\" data-focaly=\"0.4\"><img loading=\"lazy\" decoding=\"async\" width=\"285\" height=\"150\" src=\"https:\/\/mistercostumes.be\/wp-content\/uploads\/2025\/02\/Mistercostume.png\" alt=\"\" class=\"wp-image-226\" style=\"aspect-ratio:16\/9;object-fit:cover;width:auto;height:150px\"\/><\/figure>\n\n\n\n<h3 class=\"wp-block-heading\">2. Pasbeurten<\/h3>\n\n\n\n<p>Op afspraak plannen we de tijd die u nodig heeft voor meerdere pasbeurten totdat we het kostuum hebben gevonden dat perfect bij u past.<\/p>\n<\/div>\n\n\n\n<div class=\"wp-block-column is-layout-flow wp-block-column-is-layout-flow\" style=\"flex-basis:25%\">\n<figure class=\"wp-block-image size-full is-resized is-style-full-width\" data-focalx=\"0.5\" data-focaly=\"0.4\"><img loading=\"lazy\" decoding=\"async\" width=\"285\" height=\"150\" src=\"https:\/\/mistercostumes.be\/wp-content\/uploads\/2025\/02\/Mistercostume-11.png\" alt=\"\" class=\"wp-image-224\" style=\"aspect-ratio:16\/9;object-fit:cover;width:auto;height:150px\"\/><\/figure>\n\n\n\n<h3 class=\"wp-block-heading\">3. Bestellen<\/h3>\n\n\n\n<p>We hebben honderden kostuums op voorraad of ze kunnen binnen enkele dagen besteld worden. Als een van de kostuums aan uw verwachtingen voldoet, wordt deze perfect op maat gemaakt door onze professionele naaisters.<\/p>\n<\/div>\n\n\n\n<div class=\"wp-block-column is-layout-flow wp-block-column-is-layout-flow\" style=\"flex-basis:25%\">\n<figure class=\"wp-block-image size-full is-resized is-style-full-width\" data-focalx=\"0.5\" data-focaly=\"0.4\"><img loading=\"lazy\" decoding=\"async\" width=\"285\" height=\"150\" src=\"https:\/\/mistercostumes.be\/wp-content\/uploads\/2025\/02\/Mistercostume-144.png\" alt=\"\" class=\"wp-image-225\" style=\"aspect-ratio:16\/9;object-fit:cover;width:auto;height:150px\"\/><\/figure>\n\n\n\n<h3 class=\"wp-block-heading\">4. Ontvangst<\/h3>\n\n\n\n<p>Een tweede afspraak met een kleine aanpassing is vaak nodig om te controleren of alle aanpassingen perfect zijn uitgevoerd.<\/p>\n<\/div>\n<\/div>\n<\/div>\n<div class=\"reviews_container\"><div class=\"reviews_list\"><div class=\"reviews_review\"><div class=\"reviews_double-quotes-icon\"><\/div><div class=\"reviews_content\"><p>I could&#039;ve given more than 5 stars, I would&#039;ve. Super friendly service, very good stock and quality wear. 10\/10<\/p><div class=\"reviews_author_info\"><span class=\"reviews_name\">J\u00e9r\u00f4me J.<\/span><span class=\"reviews_place\">heeft de winkel van Tongeren bezocht<\/span><div class=\"reviews_rate\"><span class=\"reviews_star is-filled\"><\/span><span class=\"reviews_star is-filled\"><\/span><span class=\"reviews_star is-filled\"><\/span><span class=\"reviews_star is-filled\"><\/span><span class=\"reviews_star is-filled\"><\/span><\/div><\/div><\/div><\/div><div class=\"reviews_review\"><div class=\"reviews_double-quotes-icon\"><\/div><div class=\"reviews_content\"><p>Super service<\/p><div class=\"reviews_author_info\"><span class=\"reviews_name\">lisbeth wilmots<\/span><span class=\"reviews_place\">heeft de winkel van Tongeren bezocht<\/span><div class=\"reviews_rate\"><span class=\"reviews_star is-filled\"><\/span><span class=\"reviews_star is-filled\"><\/span><span class=\"reviews_star is-filled\"><\/span><span class=\"reviews_star is-filled\"><\/span><span class=\"reviews_star is-filled\"><\/span><\/div><\/div><\/div><\/div><div class=\"reviews_review\"><div class=\"reviews_double-quotes-icon\"><\/div><div class=\"reviews_content\"><p>J\u2019ai lou\u00e9 un costume pour le mariage de ma s\u0153ur.\nRobin a \u00e9t\u00e9 tr\u00e8s \u00e0 l\u2019\u00e9coute et tr\u00e8s disponible ! Il a su me conseiller comme il  le fallait. Ne cherche pas n\u00e9cessairement \u00e0 vendre les accessoires.\nEt en plus de son professionnalisme, il est tr\u00e8s tr\u00e8s sympathique ! Je ne peux que le conseiller et j\u2019y retournerai !\nMerci encore mille fois ! \u00c7a a \u00e9t\u00e9 un mariage r\u00e9ussi en partie gr\u00e2ce \u00e0 vous \ud83d\ude4f\ud83c\udffb\ud83d\udc9a\n\nIk huurde een pak voor de bruiloft van mijn zus.\nRobin was erg attent en behulpzaam! Hij gaf me het juiste advies. Hij probeerde niet per se accessoires te verkopen.\nEn naast zijn professionaliteit is hij ook nog eens heel erg vriendelijk! Ik kan hem van harte aanbevelen en kom zeker terug!\nNogmaals duizendmaal bedankt! Het was een geslaagde bruiloft, mede dankzij jullie \ud83d\ude4f\ud83c\udffb\ud83d\udc9a<\/p><div class=\"reviews_author_info\"><span class=\"reviews_name\">Djeremysmith<\/span><span class=\"reviews_place\">heeft de winkel van Tongeren bezocht<\/span><div class=\"reviews_rate\"><span class=\"reviews_star is-filled\"><\/span><span class=\"reviews_star is-filled\"><\/span><span class=\"reviews_star is-filled\"><\/span><span class=\"reviews_star is-filled\"><\/span><span class=\"reviews_star is-filled\"><\/span><\/div><\/div><\/div><\/div><\/div><div class=\"reviews_more_links hide-desktop\"><\/div><\/div>\n\n<div class=\"wp-block-group mr-cost_gallery-text is-layout-constrained wp-block-group-is-layout-constrained\">\n<div class=\"wp-block-group is-layout-grid wp-container-core-group-is-layout-dad987fe wp-block-group-is-layout-grid\">\n<figure class=\"wp-block-image size-full\" data-focalx=\"0.5\" data-focaly=\"0.4\"><img loading=\"lazy\" decoding=\"async\" width=\"640\" height=\"960\" src=\"https:\/\/mistercostumes.be\/wp-content\/uploads\/2025\/01\/mister-costumes-elegant-prestige-namur-charleroi-tongres.jpeg\" alt=\"\" class=\"wp-image-790\" style=\"aspect-ratio:3\/4;object-fit:cover\" srcset=\"https:\/\/mistercostumes.be\/wp-content\/uploads\/2025\/01\/mister-costumes-elegant-prestige-namur-charleroi-tongres.jpeg 640w, https:\/\/mistercostumes.be\/wp-content\/uploads\/2025\/01\/mister-costumes-elegant-prestige-namur-charleroi-tongres-200x300.jpeg 200w\" sizes=\"auto, (max-width: 640px) 100vw, 640px\" \/><\/figure>\n\n\n\n<figure class=\"wp-block-image size-full\" data-focalx=\"0.5\" data-focaly=\"0.4\"><img loading=\"lazy\" decoding=\"async\" width=\"638\" height=\"960\" src=\"https:\/\/mistercostumes.be\/wp-content\/uploads\/2025\/06\/mister-costumes-elegance-mariage-corporate.jpeg\" alt=\"\" class=\"wp-image-792\" style=\"aspect-ratio:3\/4;object-fit:cover\" srcset=\"https:\/\/mistercostumes.be\/wp-content\/uploads\/2025\/06\/mister-costumes-elegance-mariage-corporate.jpeg 638w, https:\/\/mistercostumes.be\/wp-content\/uploads\/2025\/06\/mister-costumes-elegance-mariage-corporate-199x300.jpeg 199w\" sizes=\"auto, (max-width: 638px) 100vw, 638px\" \/><\/figure>\n\n\n\n<figure class=\"wp-block-image size-full\" data-focalx=\"0.5\" data-focaly=\"0.4\"><img loading=\"lazy\" decoding=\"async\" width=\"640\" height=\"960\" src=\"https:\/\/mistercostumes.be\/wp-content\/uploads\/2025\/06\/mister-costumes-namur-charleroi-tongres-corporate-prestige-evenement.jpeg\" alt=\"\" class=\"wp-image-794\" style=\"aspect-ratio:3\/4;object-fit:cover\" srcset=\"https:\/\/mistercostumes.be\/wp-content\/uploads\/2025\/06\/mister-costumes-namur-charleroi-tongres-corporate-prestige-evenement.jpeg 640w, https:\/\/mistercostumes.be\/wp-content\/uploads\/2025\/06\/mister-costumes-namur-charleroi-tongres-corporate-prestige-evenement-200x300.jpeg 200w\" sizes=\"auto, (max-width: 640px) 100vw, 640px\" \/><\/figure>\n\n\n\n<div class=\"wp-block-group is-vertical is-layout-flex wp-container-core-group-is-layout-fed7e1b2 wp-block-group-is-layout-flex\">\n<p class=\"has-text-align-left has-noto-serif-font-family\" style=\"font-size:clamp(32.518px, 2.032rem + ((1vw - 3.2px) * 1.991), 58px);\">Iedereen heeft het recht om er elegant uit te zien!<\/p>\n<\/div>\n\n\n\n<div class=\"wp-block-group wp-container-content-17a3bc5d is-vertical is-layout-flex wp-container-core-group-is-layout-0a885f90 wp-block-group-is-layout-flex\">\n<p style=\"padding-right:102px\">Jij bent uniek. Het kost tijd om het kostuum te vinden dat perfect bij je past. Je persoonlijkheid aanvoelen, je wensen begrijpen, kleuren kiezen die passen bij je huidskleur, oogkleur, baard- en haarkleur, en je lichaamstype bepalen: we doen dit allemaal op afspraak om jouw perfecte pasvorm te vinden. En dankzij ons modulaire concept, maken we \u00e9cht het verschil.<\/p>\n\n\n\n<div class=\"wp-block-buttons is-layout-flex wp-block-buttons-is-layout-flex\">\n<div class=\"wp-block-button-wrapper\"><div class=\"wp-block-button\"><a class=\"wp-block-button__link wp-element-button\" href=\"https:\/\/mistercostumes.be\/nl\/maak-een-afspraak-met-mister-costumes\/\">Maak een afspraak<\/a><\/div><\/div>\n<\/div>\n<\/div>\n\n\n\n<figure class=\"wp-block-image size-full\" data-focalx=\"0.5\" data-focaly=\"0.4\"><img loading=\"lazy\" decoding=\"async\" width=\"285\" height=\"388\" src=\"https:\/\/mistercostumes.be\/wp-content\/uploads\/2025\/02\/DIGEL-_spring_summer_2024_original_240315_Digel_Anello_Anno_Arlo_99746_64_12920-1-1.png\" alt=\"\" class=\"wp-image-202\" style=\"aspect-ratio:3\/4;object-fit:cover\" srcset=\"https:\/\/mistercostumes.be\/wp-content\/uploads\/2025\/02\/DIGEL-_spring_summer_2024_original_240315_Digel_Anello_Anno_Arlo_99746_64_12920-1-1.png 285w, https:\/\/mistercostumes.be\/wp-content\/uploads\/2025\/02\/DIGEL-_spring_summer_2024_original_240315_Digel_Anello_Anno_Arlo_99746_64_12920-1-1-220x300.png 220w\" sizes=\"auto, (max-width: 285px) 100vw, 285px\" \/><\/figure>\n\n\n\n<figure class=\"wp-block-image size-full\" data-focalx=\"0.5\" data-focaly=\"0.4\"><img loading=\"lazy\" decoding=\"async\" width=\"285\" height=\"388\" src=\"https:\/\/mistercostumes.be\/wp-content\/uploads\/2025\/02\/costumes-1.png\" alt=\"\" class=\"wp-image-196\" style=\"aspect-ratio:3\/4;object-fit:cover\" srcset=\"https:\/\/mistercostumes.be\/wp-content\/uploads\/2025\/02\/costumes-1.png 285w, https:\/\/mistercostumes.be\/wp-content\/uploads\/2025\/02\/costumes-1-220x300.png 220w\" sizes=\"auto, (max-width: 285px) 100vw, 285px\" \/><\/figure>\n\n\n\n<figure class=\"wp-block-image size-full\" data-focalx=\"0.5\" data-focaly=\"0.4\"><img loading=\"lazy\" decoding=\"async\" width=\"640\" height=\"960\" src=\"https:\/\/mistercostumes.be\/wp-content\/uploads\/2025\/06\/mister-costume-sur-mesure-modulable-unique.jpeg\" alt=\"\" class=\"wp-image-796\" style=\"aspect-ratio:3\/4;object-fit:cover\" srcset=\"https:\/\/mistercostumes.be\/wp-content\/uploads\/2025\/06\/mister-costume-sur-mesure-modulable-unique.jpeg 640w, https:\/\/mistercostumes.be\/wp-content\/uploads\/2025\/06\/mister-costume-sur-mesure-modulable-unique-200x300.jpeg 200w\" sizes=\"auto, (max-width: 640px) 100vw, 640px\" \/><\/figure>\n\n\n\n<figure class=\"wp-block-image size-full\" data-focalx=\"0.47\" data-focaly=\"0.63\"><img loading=\"lazy\" decoding=\"async\" width=\"1920\" height=\"2560\" src=\"https:\/\/mistercostumes.be\/wp-content\/uploads\/2025\/06\/mister-costumes-classique-mariage-ceremonie.jpeg\" alt=\"\" class=\"wp-image-907\" style=\"aspect-ratio:3\/4;object-fit:cover\" srcset=\"https:\/\/mistercostumes.be\/wp-content\/uploads\/2025\/06\/mister-costumes-classique-mariage-ceremonie.jpeg 1920w, https:\/\/mistercostumes.be\/wp-content\/uploads\/2025\/06\/mister-costumes-classique-mariage-ceremonie-225x300.jpeg 225w, https:\/\/mistercostumes.be\/wp-content\/uploads\/2025\/06\/mister-costumes-classique-mariage-ceremonie-768x1024.jpeg 768w, https:\/\/mistercostumes.be\/wp-content\/uploads\/2025\/06\/mister-costumes-classique-mariage-ceremonie-1152x1536.jpeg 1152w, https:\/\/mistercostumes.be\/wp-content\/uploads\/2025\/06\/mister-costumes-classique-mariage-ceremonie-1536x2048.jpeg 1536w\" sizes=\"auto, (max-width: 1920px) 100vw, 1920px\" \/><\/figure>\n\n\n\n<figure class=\"wp-block-image size-full\" data-focalx=\"0.5\" data-focaly=\"0.4\"><img loading=\"lazy\" decoding=\"async\" width=\"640\" height=\"960\" src=\"https:\/\/mistercostumes.be\/wp-content\/uploads\/2025\/06\/mister-costumes-sur-mesure-personnalise-modulable-unique-elegant-mariage-corporate-evenement-classique.jpeg\" alt=\"\" class=\"wp-image-798\" style=\"aspect-ratio:3\/4;object-fit:cover\" srcset=\"https:\/\/mistercostumes.be\/wp-content\/uploads\/2025\/06\/mister-costumes-sur-mesure-personnalise-modulable-unique-elegant-mariage-corporate-evenement-classique.jpeg 640w, https:\/\/mistercostumes.be\/wp-content\/uploads\/2025\/06\/mister-costumes-sur-mesure-personnalise-modulable-unique-elegant-mariage-corporate-evenement-classique-200x300.jpeg 200w\" sizes=\"auto, (max-width: 640px) 100vw, 640px\" \/><\/figure>\n\n\n\n<figure class=\"wp-block-image size-full\" data-focalx=\"0.5\" data-focaly=\"0.4\"><img loading=\"lazy\" decoding=\"async\" width=\"640\" height=\"960\" src=\"https:\/\/mistercostumes.be\/wp-content\/uploads\/2025\/06\/mister-costumes-sur-mesure-belgique.jpeg\" alt=\"\" class=\"wp-image-800\" style=\"aspect-ratio:3\/4;object-fit:cover\" srcset=\"https:\/\/mistercostumes.be\/wp-content\/uploads\/2025\/06\/mister-costumes-sur-mesure-belgique.jpeg 640w, https:\/\/mistercostumes.be\/wp-content\/uploads\/2025\/06\/mister-costumes-sur-mesure-belgique-200x300.jpeg 200w\" sizes=\"auto, (max-width: 640px) 100vw, 640px\" \/><\/figure>\n<\/div>\n<\/div>\n","protected":false},"excerpt":{"rendered":"","protected":false},"author":4,"featured_media":0,"parent":0,"menu_order":0,"comment_status":"closed","ping_status":"closed","template":"","meta":{"content-type":"","footnotes":""},"class_list":["post-952","page","type-page","status-publish","hentry"],"yoast_head":"<!-- This site is optimized with the Yoast SEO plugin v26.4 - https:\/\/yoast.com\/wordpress\/plugins\/seo\/ -->\n<title>Ons concept - Mister Costumes<\/title>\n<meta name=\"robots\" content=\"index, follow, max-snippet:-1, max-image-preview:large, max-video-preview:-1\" \/>\n<link rel=\"canonical\" href=\"https:\/\/mistercostumes.be\/nl\/ons-concept\/\" \/>\n<meta property=\"og:locale\" content=\"nl_NL\" \/>\n<meta property=\"og:type\" content=\"article\" \/>\n<meta property=\"og:title\" content=\"Ons concept - Mister Costumes\" \/>\n<meta property=\"og:url\" content=\"https:\/\/mistercostumes.be\/nl\/ons-concept\/\" \/>\n<meta property=\"og:site_name\" content=\"Mister Costumes\" \/>\n<meta property=\"article:modified_time\" content=\"2025-09-19T09:31:48+00:00\" \/>\n<meta property=\"og:image\" content=\"https:\/\/mistercostumes.be\/wp-content\/uploads\/2025\/03\/image-22.png\" \/>\n\t<meta property=\"og:image:width\" content=\"521\" \/>\n\t<meta property=\"og:image:height\" content=\"439\" \/>\n\t<meta property=\"og:image:type\" content=\"image\/png\" \/>\n<meta name=\"twitter:card\" content=\"summary_large_image\" \/>\n<meta name=\"twitter:label1\" content=\"Geschatte leestijd\" \/>\n\t<meta name=\"twitter:data1\" content=\"1 minuut\" \/>\n<script type=\"application\/ld+json\" class=\"yoast-schema-graph\">{\"@context\":\"https:\/\/schema.org\",\"@graph\":[{\"@type\":\"WebPage\",\"@id\":\"https:\/\/mistercostumes.be\/nl\/ons-concept\/\",\"url\":\"https:\/\/mistercostumes.be\/nl\/ons-concept\/\",\"name\":\"Ons concept - Mister Costumes\",\"isPartOf\":{\"@id\":\"https:\/\/mistercostumes.be\/nl\/#website\"},\"primaryImageOfPage\":{\"@id\":\"https:\/\/mistercostumes.be\/nl\/ons-concept\/#primaryimage\"},\"image\":{\"@id\":\"https:\/\/mistercostumes.be\/nl\/ons-concept\/#primaryimage\"},\"thumbnailUrl\":\"https:\/\/mistercostumes.be\/wp-content\/uploads\/2025\/03\/image-22.png\",\"datePublished\":\"2025-03-18T16:08:11+00:00\",\"dateModified\":\"2025-09-19T09:31:48+00:00\",\"breadcrumb\":{\"@id\":\"https:\/\/mistercostumes.be\/nl\/ons-concept\/#breadcrumb\"},\"inLanguage\":\"nl-NL\",\"potentialAction\":[{\"@type\":\"ReadAction\",\"target\":[\"https:\/\/mistercostumes.be\/nl\/ons-concept\/\"]}]},{\"@type\":\"ImageObject\",\"inLanguage\":\"nl-NL\",\"@id\":\"https:\/\/mistercostumes.be\/nl\/ons-concept\/#primaryimage\",\"url\":\"https:\/\/mistercostumes.be\/wp-content\/uploads\/2025\/03\/image-22.png\",\"contentUrl\":\"https:\/\/mistercostumes.be\/wp-content\/uploads\/2025\/03\/image-22.png\"},{\"@type\":\"BreadcrumbList\",\"@id\":\"https:\/\/mistercostumes.be\/nl\/ons-concept\/#breadcrumb\",\"itemListElement\":[{\"@type\":\"ListItem\",\"position\":1,\"name\":\"Startpagina\",\"item\":\"https:\/\/mistercostumes.be\/nl\/\"},{\"@type\":\"ListItem\",\"position\":2,\"name\":\"Ons concept\"}]},{\"@type\":\"WebSite\",\"@id\":\"https:\/\/mistercostumes.be\/nl\/#website\",\"url\":\"https:\/\/mistercostumes.be\/nl\/\",\"name\":\"Mister Costumes\",\"description\":\"\",\"publisher\":{\"@id\":\"https:\/\/mistercostumes.be\/nl\/#organization\"},\"potentialAction\":[{\"@type\":\"SearchAction\",\"target\":{\"@type\":\"EntryPoint\",\"urlTemplate\":\"https:\/\/mistercostumes.be\/nl\/?s={search_term_string}\"},\"query-input\":{\"@type\":\"PropertyValueSpecification\",\"valueRequired\":true,\"valueName\":\"search_term_string\"}}],\"inLanguage\":\"nl-NL\"},{\"@type\":\"Organization\",\"@id\":\"https:\/\/mistercostumes.be\/nl\/#organization\",\"name\":\"Mister Costumes\",\"url\":\"https:\/\/mistercostumes.be\/nl\/\",\"logo\":{\"@type\":\"ImageObject\",\"inLanguage\":\"nl-NL\",\"@id\":\"https:\/\/mistercostumes.be\/nl\/#\/schema\/logo\/image\/\",\"url\":\"https:\/\/mistercostumes.be\/wp-content\/uploads\/2025\/04\/Logo_mister_costumes_noir-1.svg\",\"contentUrl\":\"https:\/\/mistercostumes.be\/wp-content\/uploads\/2025\/04\/Logo_mister_costumes_noir-1.svg\",\"caption\":\"Mister Costumes\"},\"image\":{\"@id\":\"https:\/\/mistercostumes.be\/nl\/#\/schema\/logo\/image\/\"}}]}<\/script>\n<!-- \/ Yoast SEO plugin. -->","yoast_head_json":{"title":"Ons concept - Mister Costumes","robots":{"index":"index","follow":"follow","max-snippet":"max-snippet:-1","max-image-preview":"max-image-preview:large","max-video-preview":"max-video-preview:-1"},"canonical":"https:\/\/mistercostumes.be\/nl\/ons-concept\/","og_locale":"nl_NL","og_type":"article","og_title":"Ons concept - Mister Costumes","og_url":"https:\/\/mistercostumes.be\/nl\/ons-concept\/","og_site_name":"Mister Costumes","article_modified_time":"2025-09-19T09:31:48+00:00","og_image":[{"width":521,"height":439,"url":"https:\/\/mistercostumes.be\/wp-content\/uploads\/2025\/03\/image-22.png","type":"image\/png"}],"twitter_card":"summary_large_image","twitter_misc":{"Geschatte leestijd":"1 minuut"},"schema":{"@context":"https:\/\/schema.org","@graph":[{"@type":"WebPage","@id":"https:\/\/mistercostumes.be\/nl\/ons-concept\/","url":"https:\/\/mistercostumes.be\/nl\/ons-concept\/","name":"Ons concept - Mister Costumes","isPartOf":{"@id":"https:\/\/mistercostumes.be\/nl\/#website"},"primaryImageOfPage":{"@id":"https:\/\/mistercostumes.be\/nl\/ons-concept\/#primaryimage"},"image":{"@id":"https:\/\/mistercostumes.be\/nl\/ons-concept\/#primaryimage"},"thumbnailUrl":"https:\/\/mistercostumes.be\/wp-content\/uploads\/2025\/03\/image-22.png","datePublished":"2025-03-18T16:08:11+00:00","dateModified":"2025-09-19T09:31:48+00:00","breadcrumb":{"@id":"https:\/\/mistercostumes.be\/nl\/ons-concept\/#breadcrumb"},"inLanguage":"nl-NL","potentialAction":[{"@type":"ReadAction","target":["https:\/\/mistercostumes.be\/nl\/ons-concept\/"]}]},{"@type":"ImageObject","inLanguage":"nl-NL","@id":"https:\/\/mistercostumes.be\/nl\/ons-concept\/#primaryimage","url":"https:\/\/mistercostumes.be\/wp-content\/uploads\/2025\/03\/image-22.png","contentUrl":"https:\/\/mistercostumes.be\/wp-content\/uploads\/2025\/03\/image-22.png"},{"@type":"BreadcrumbList","@id":"https:\/\/mistercostumes.be\/nl\/ons-concept\/#breadcrumb","itemListElement":[{"@type":"ListItem","position":1,"name":"Startpagina","item":"https:\/\/mistercostumes.be\/nl\/"},{"@type":"ListItem","position":2,"name":"Ons concept"}]},{"@type":"WebSite","@id":"https:\/\/mistercostumes.be\/nl\/#website","url":"https:\/\/mistercostumes.be\/nl\/","name":"Mister Costumes","description":"","publisher":{"@id":"https:\/\/mistercostumes.be\/nl\/#organization"},"potentialAction":[{"@type":"SearchAction","target":{"@type":"EntryPoint","urlTemplate":"https:\/\/mistercostumes.be\/nl\/?s={search_term_string}"},"query-input":{"@type":"PropertyValueSpecification","valueRequired":true,"valueName":"search_term_string"}}],"inLanguage":"nl-NL"},{"@type":"Organization","@id":"https:\/\/mistercostumes.be\/nl\/#organization","name":"Mister Costumes","url":"https:\/\/mistercostumes.be\/nl\/","logo":{"@type":"ImageObject","inLanguage":"nl-NL","@id":"https:\/\/mistercostumes.be\/nl\/#\/schema\/logo\/image\/","url":"https:\/\/mistercostumes.be\/wp-content\/uploads\/2025\/04\/Logo_mister_costumes_noir-1.svg","contentUrl":"https:\/\/mistercostumes.be\/wp-content\/uploads\/2025\/04\/Logo_mister_costumes_noir-1.svg","caption":"Mister Costumes"},"image":{"@id":"https:\/\/mistercostumes.be\/nl\/#\/schema\/logo\/image\/"}}]}},"_links":{"self":[{"href":"https:\/\/mistercostumes.be\/nl\/wp-json\/wp\/v2\/pages\/952","targetHints":{"allow":["GET"]}}],"collection":[{"href":"https:\/\/mistercostumes.be\/nl\/wp-json\/wp\/v2\/pages"}],"about":[{"href":"https:\/\/mistercostumes.be\/nl\/wp-json\/wp\/v2\/types\/page"}],"author":[{"embeddable":true,"href":"https:\/\/mistercostumes.be\/nl\/wp-json\/wp\/v2\/users\/4"}],"replies":[{"embeddable":true,"href":"https:\/\/mistercostumes.be\/nl\/wp-json\/wp\/v2\/comments?post=952"}],"version-history":[{"count":5,"href":"https:\/\/mistercostumes.be\/nl\/wp-json\/wp\/v2\/pages\/952\/revisions"}],"predecessor-version":[{"id":1093,"href":"https:\/\/mistercostumes.be\/nl\/wp-json\/wp\/v2\/pages\/952\/revisions\/1093"}],"wp:attachment":[{"href":"https:\/\/mistercostumes.be\/nl\/wp-json\/wp\/v2\/media?parent=952"}],"curies":[{"name":"wp","href":"https:\/\/api.w.org\/{rel}","templated":true}]}}